{"id":8,"date":"2019-02-04T09:35:41","date_gmt":"2019-02-04T07:35:41","guid":{"rendered":"http:\/\/kirnuvuori.fi\/?page_id=8"},"modified":"2021-04-19T20:12:03","modified_gmt":"2021-04-19T17:12:03","slug":"tuotteet-ja-palvelut","status":"publish","type":"page","link":"https:\/\/kirnuvuori.fi\/index.php\/tuotteet-ja-palvelut\/","title":{"rendered":"Tuotteet ja palvelut"},"content":{"rendered":"\r\n<h4>Palvelumme kattaa yksitt\u00e4is- tai prototyyppien valmistuksesta aina koneistettujen osien suursarjoihin saakka<\/h4>\r\n<p><strong>Koneistuspalvelut nykyaikaisilla CNC koneilla <\/strong>(kuvagalleria)<strong><br \/><\/strong><\/p>\r\n\r\n\r\n\r\n<p style=\"text-align: left;\">\u00a0\u00a0\u00a0\u00a0 &#8211; CNC-koneistukset suursarjoille tankoautomaattikoneilla\u00a0\u00a0\u00a0\u00a0\u00a0\u00a0\u00a0\u00a0\u00a0\u00a0\u00a0\u00a0\u00a0\u00a0\u00a0<\/p>\r\n<p>\r\n\r\n<\/p>\r\n<p style=\"text-align: left;\">\u00a0\u00a0\u00a0\u00a0 &#8211; CNC-ty\u00f6st\u00f6keskusty\u00f6t aina 1500 mm kappaleen pituuksille<\/p>\r\n<p>\u00a0\u00a0\u00a0\u00a0 &#8211; materiaaleille ter\u00e4s, ruostumaton ter\u00e4s, alumiinit, koneistetettavat muovit, muut materiaait<\/p>\r\n\r\n\r\n\r\n<p><strong>Kivilouhosten koneiden ja laitteiden ty\u00f6kalujen valmistus ja kunnostus <\/strong>(kuvagalleria)<strong><br \/><\/strong><\/p>\r\n\r\n\r\n\r\n<p style=\"text-align: left;\">\u00a0\u00a0\u00a0\u00a0 &#8211; Caterpillar kauhat ja nostohaarukat<\/p>\r\n\r\n\r\n\r\n<p><strong>Traktoreiden aurojen puskutukien valmistus<\/strong><\/p>\r\n<p>\u00a0\u00a0\u00a0\u00a0\u00a0 &#8211; Case ja New Holland traktoreiden puskutuet (kuvagalleria)<\/p>\r\n\r\n\r\n\r\n\r\n\r\n<p><strong>Muut koneistus, hitsaus ja asennusty\u00f6t<\/strong><\/p>\r\n<p><strong>Hydraulisten\u00a0SplitStone-kivikiilalaitteiden suunnittelu, valmistus ja markkinointi <\/strong><\/p>\r\n<p><strong>Katso kotisivut <a href=\"https:\/\/www.splitstone.fi\">https:\/\/www.splitstone.fi<\/a><br \/><\/strong><\/p>\r\n<h5>\u00a0<\/h5>\r\n<h4>Ota yhteytt\u00e4!\u00a0\u00a0<a href=\"https:\/\/kirnuvuori.fi\/index.php\/yhteystiedot\">Yhteystiedot<\/a><\/h4>\r\n","protected":false},"excerpt":{"rendered":"<p>Palvelumme kattaa yksitt\u00e4is- tai prototyyppien valmistuksesta aina koneistettujen osien suursarjoihin saakka Koneistuspalvelut nykyaikaisilla CNC koneilla (kuvagalleria) \u00a0\u00a0\u00a0\u00a0 &#8211; CNC-koneistukset suursarjoille tankoautomaattikoneilla\u00a0\u00a0\u00a0\u00a0\u00a0\u00a0\u00a0\u00a0\u00a0\u00a0\u00a0\u00a0\u00a0\u00a0\u00a0 \u00a0\u00a0\u00a0\u00a0 &#8211; CNC-ty\u00f6st\u00f6keskusty\u00f6t aina 1500 mm kappaleen pituuksille \u00a0\u00a0\u00a0\u00a0 &#8211; materiaaleille ter\u00e4s, ruostumaton ter\u00e4s, alumiinit, koneistetettavat muovit, muut materiaait Kivilouhosten koneiden ja laitteiden ty\u00f6kalujen valmistus ja kunnostus (kuvagalleria) \u00a0\u00a0\u00a0\u00a0 &#8211; Caterpillar kauhat ja nostohaarukat [&hellip;]<\/p>\n","protected":false},"author":1,"featured_media":0,"parent":0,"menu_order":0,"comment_status":"closed","ping_status":"closed","template":"","meta":{"footnotes":""},"_links":{"self":[{"href":"https:\/\/kirnuvuori.fi\/index.php\/wp-json\/wp\/v2\/pages\/8"}],"collection":[{"href":"https:\/\/kirnuvuori.fi\/index.php\/wp-json\/wp\/v2\/pages"}],"about":[{"href":"https:\/\/kirnuvuori.fi\/index.php\/wp-json\/wp\/v2\/types\/page"}],"author":[{"embeddable":true,"href":"https:\/\/kirnuvuori.fi\/index.php\/wp-json\/wp\/v2\/users\/1"}],"replies":[{"embeddable":true,"href":"https:\/\/kirnuvuori.fi\/index.php\/wp-json\/wp\/v2\/comments?post=8"}],"version-history":[{"count":36,"href":"https:\/\/kirnuvuori.fi\/index.php\/wp-json\/wp\/v2\/pages\/8\/revisions"}],"predecessor-version":[{"id":297,"href":"https:\/\/kirnuvuori.fi\/index.php\/wp-json\/wp\/v2\/pages\/8\/revisions\/297"}],"wp:attachment":[{"href":"https:\/\/kirnuvuori.fi\/index.php\/wp-json\/wp\/v2\/media?parent=8"}],"curies":[{"name":"wp","href":"https:\/\/api.w.org\/{rel}","templated":true}]}}