{"id":3,"date":"2019-01-28T15:50:01","date_gmt":"2019-01-28T13:50:01","guid":{"rendered":"http:\/\/kirnuvuori.fi\/?page_id=3"},"modified":"2019-03-26T10:16:52","modified_gmt":"2019-03-26T08:16:52","slug":"tietosuojaseloste","status":"publish","type":"page","link":"https:\/\/kirnuvuori.fi\/index.php\/tietosuojaseloste\/","title":{"rendered":"Tietosuojaseloste"},"content":{"rendered":"\r\n<h2 class=\"wp-block-heading\">Keit\u00e4 olemme &#8211; Rekisterinpit\u00e4j\u00e4<\/h2>\r\n\r\n\r\n\r\n<p>Sivuston yll\u00e4pit\u00e4j\u00e4 ja sen kautta ker\u00e4tt\u00e4vien tietojen rekisterinpit\u00e4j\u00e4 on<\/p>\r\n<p><strong>Kirnuvuori Oy<\/strong><br \/><strong>Kirkonkyl\u00e4ntie 100<\/strong><br \/><strong>23200 Vinkkil\u00e4<\/strong><br \/>Y-tunnus: 0549243-8<\/p>\r\n<p>Yhteyshenkil\u00f6 rekisteri\u00e4 koskevissa asioissa:<\/p>\r\n<p>Kirnuvuori Oy<br \/><strong>Projektip\u00e4\u00e4llikk\u00f6 Seppo Lepp\u00e4l\u00e4<\/strong><br \/>Puhelin:\u00a0<a href=\"tel:+358404827035\">+358 40 4827035<\/a><br \/>S\u00e4hk\u00f6posti:\u00a0<a href=\"mailto:seppo.leppala@splitstone.fi\">seppo.leppala@kirnuvuori.fi<\/a>\u00a0<\/p>\r\n<p>Ker\u00e4tyst\u00e4 tiedoista muodostuvan rekisterin tarkoitus on asiakaspalautteen ja muiden yhteydenottojen k\u00e4sittely sek\u00e4 sivuston k\u00e4yt\u00f6n seuraaminen.<\/p>\r\n\r\n\r\n\r\n<h2 class=\"wp-block-heading\">Mit\u00e4 henkil\u00f6tietoa ker\u00e4\u00e4mme ja miksi<\/h2>\r\n\r\n\r\n\r\n<h3 class=\"wp-block-heading\">Yhteydenottolomake ja kommentit<\/h3>\r\n\r\n\r\n\r\n<p>Kun sivuston k\u00e4ytt\u00e4j\u00e4t t\u00e4ytt\u00e4v\u00e4t sivustolla olevan yhteydenottolomakkeen tai j\u00e4tt\u00e4v\u00e4t kommentteja sivustolle, ker\u00e4\u00e4mme kommenttilomakkeessa olevat tiedot (<strong>nimi, s\u00e4hk\u00f6postiosoite, viestin aihe ja itse viesti<\/strong>), sek\u00e4 k\u00e4ytt\u00e4j\u00e4n IP-osoitteen ja selaimen versiotiedot roskaviestien tunnistamisen helpottamiseksi.<\/p>\r\n\r\n\r\n\r\n<p>Kun vierailijat j\u00e4tt\u00e4v\u00e4t kommentin t\u00e4lle sivustolle ker\u00e4\u00e4mme tiedon, joka on n\u00e4kyviss\u00e4 kommentointikentiss\u00e4, IP-osoitteen sek\u00e4 selaimen versioon liittyv\u00e4t tiedot. S\u00e4hk\u00f6postiosoitteesta luotu anonymisoitu hajautustieto (hash) voidaan l\u00e4hett\u00e4\u00e4 Gravatar-palveluun, jotta tiedet\u00e4\u00e4n onko kommentoija palvelun k\u00e4ytt\u00e4j\u00e4. Gravatar-palvelun tietosuojaseloste l\u00f6ytyy osoitteesta https:\/\/automattic.com\/privacy\/.<\/p>\r\n\r\n\r\n\r\n<h3 class=\"wp-block-heading\">Ev\u00e4steet<\/h3>\r\n\r\n\r\n\r\n<p>Sivustollamme k\u00e4ytet\u00e4\u00e4n istuntokohtaisia ja istunnosta toiseen kest\u00e4vi\u00e4 ev\u00e4steit\u00e4 sivuston k\u00e4ytt\u00f6mukavuuden ja tilastollisen seurannan mahdollistamisen vuoksi. Ev\u00e4steiden asettamisen voi est\u00e4\u00e4 (esim. k\u00e4ytetyn verkkoselaimen asetuksista), mutta t\u00e4m\u00e4 saattaa vaikuttaa sivuston toimintaan k\u00e4ytt\u00f6kokemusta heikent\u00e4v\u00e4sti.<\/p>\r\n<p>Normaalisti artikkelien kommentointi ei ole sivustollamme k\u00e4yt\u00f6ss\u00e4, mutta tilap\u00e4isesti se voidaan ottaa k\u00e4ytt\u00f6\u00f6n, jolloin seuraavat ev\u00e4steit\u00e4 koskevat huomautukset tulee ottaa huomioon.<\/p>\r\n<p>Jos j\u00e4t\u00e4t kommentin sivustolle, voit valita nimen, s\u00e4hk\u00f6postiosoitteen ja url-osoitteen tallennuksen ev\u00e4steeseen. T\u00e4m\u00e4 toiminto lis\u00e4\u00e4 k\u00e4ytt\u00f6mukavuutta, koska lomaketta ei tarvitse t\u00e4ytt\u00e4\u00e4 jokaisella kerralla uudelleen kommenttia lis\u00e4tess\u00e4. Ev\u00e4stetieto poistetaan selaimesta vuoden kuluttua.<\/p>\r\n\r\n\r\n\r\n<p>Mik\u00e4li sinulla on tili ja kirjaudut sivustolle asetamme v\u00e4liaikaisen ev\u00e4steen, joka p\u00e4\u00e4ttelee tukeeko selaimesi ev\u00e4steit\u00e4 vai ei. T\u00e4m\u00e4 ev\u00e4ste ei sis\u00e4ll\u00e4 henkil\u00f6tietoa ja se poistetaan kun selainikkuna suljetaan.<\/p>\r\n\r\n\r\n\r\n<p>Kun kirjaudut sis\u00e4\u00e4n asetamme useita ev\u00e4steit\u00e4, jotka tallentavat kirjautumis- sek\u00e4 n\u00e4ytt\u00f6asetuksesi. Kirjautumisev\u00e4steet poistetaan kahden vuorokauden kuluessa, n\u00e4ytt\u00f6asetuksiin liittyv\u00e4t ev\u00e4steet poistuvat vuoden p\u00e4\u00e4st\u00e4. Mik\u00e4li valitset \u201cMuista minut\u201d kirjautumisen yhteydess\u00e4, kirjautumistietojasi s\u00e4ilytet\u00e4\u00e4n kahden viikon ajan. Mik\u00e4li kirjaudut ulos, kirjautumiseen liittyv\u00e4t ev\u00e4steet poistetaan samassa yhteydess\u00e4.<\/p>\r\n\r\n\r\n\r\n<p>Mik\u00e4li julkaiset artikkelin tai muokkaat olemassa olevaa tallennamme selaimeen ev\u00e4steen, joka sis\u00e4lt\u00e4\u00e4 muokattavan artikkelin ID:n. Ev\u00e4ste vanhenee yhdess\u00e4 vuorokaudessa.<\/p>\r\n\r\n\r\n\r\n<h3 class=\"wp-block-heading\">Muilta sivustoilta upotettu sis\u00e4lt\u00f6, linkit muihin sivustoihin<\/h3>\r\n\r\n\r\n\r\n<p>T\u00e4m\u00e4n sivuston artikkelit voivat sis\u00e4lt\u00e4\u00e4 upotettua sis\u00e4lt\u00f6\u00e4 (esimerkiksi videoita, kuvia, artikkeleita jne.). Toisilta sivustoilta tuodun upotetun sis\u00e4ll\u00f6n avaaminen on verrattavissa siihen, ett\u00e4 vierailija itse k\u00e4visi kolmannen osapuolen sivustolla.<\/p>\r\n<p>Sivustollamme on my\u00f6s linkkej\u00e4 ulkopuolisiin palveluihin (esim. Facebook). Linkkien seuraaminen johtaa k\u00e4yntiin kohdesivuilla.<\/p>\r\n\r\n\r\n\r\n<p>N\u00e4m\u00e4 sivustot voivat ker\u00e4t\u00e4 tietoa sinusta, k\u00e4ytt\u00e4\u00e4 ev\u00e4steit\u00e4, upottaa kolmannen osapuolen seurantaev\u00e4steit\u00e4 ja monitoroida vuorovaikutustasi upotetun sis\u00e4ll\u00f6n kanssa, mukaan lukien vuorovaikutuksen seuranta jos ja kun olet kirjautunut k\u00e4ytt\u00e4j\u00e4n\u00e4 sivustolle.<\/p>\r\n\r\n\r\n\r\n<h3 class=\"wp-block-heading\">Analytiikka<\/h3>\r\n\r\n\r\n\r\n<p>Sivuston palautelomakkeen kautta l\u00e4hetetyt tiedot k\u00e4sitell\u00e4\u00e4n manuaalisesti.<\/p>\r\n<p>Verkkovierailua koskevan anonyymin tiedon ker\u00e4\u00e4miseen k\u00e4yt\u00e4mme seuraavia ty\u00f6kaluja ja palveluita:<\/p>\r\n<p>Google Analytics lis\u00e4tietoja:\u00a0<a href=\"https:\/\/analytics.google.com\/analytics\/web\/\" target=\"_blank\" rel=\"noopener noreferrer\">https:\/\/analytics.google.com\/analytics\/web\/<\/a><\/p>\r\n<h2 class=\"wp-block-heading\">Kenelle jaamme tietosi<\/h2>\r\n<p>Ker\u00e4ttyj\u00e4 tietoja ei luovuteta yhti\u00f6n ulkopuolelle. Google Analytics -j\u00e4rjestelm\u00e4 siirt\u00e4\u00e4 anonyymi\u00e4 k\u00e4ytt\u00e4j\u00e4tietoa analytiikkaj\u00e4rjestelmiin.<\/p>\r\n\r\n\r\n\r\n<h2 class=\"wp-block-heading\">Kuinka kauan s\u00e4ilyt\u00e4mme tietoa<\/h2>\r\n\r\n\r\n\r\n<p>Mik\u00e4li t\u00e4yt\u00e4t sivustolla olevan yhteydenottolomakkeen tai j\u00e4t\u00e4t kommentin (kun kommentointi on sallittu, normaalistihan n\u00e4in ei ole), lomakkeen tiedot, kommentti ja sen metatietoa s\u00e4ilytet\u00e4\u00e4n toistaiseksi. T\u00e4m\u00e4 tehd\u00e4\u00e4n siksi, ett\u00e4 voimme tunnistaa ja hyv\u00e4ksy\u00e4 seuraavat kommentit automaattisesti sen sijaan, ett\u00e4 s\u00e4ilytt\u00e4isimme ne moderointijonossa. Palautelomakkeella annetut tiedot l\u00e4hetet\u00e4\u00e4n my\u00f6s lomakkeen k\u00e4sittelij\u00e4n s\u00e4hk\u00f6postiin jatkotoimia varten. S\u00e4hk\u00f6postit s\u00e4ilytet\u00e4\u00e4n toistaiseksi, eli niin kauan kuin niiden k\u00e4yt\u00f6lle on tarvetta.\u00a0<\/p>\r\n\r\n\r\n\r\n<p>Tallennamme rekister\u00f6ityneiden k\u00e4ytt\u00e4jien (jos sellaisia on) k\u00e4ytt\u00e4j\u00e4profiilien tiedot. Kaikilla k\u00e4ytt\u00e4jill\u00e4 on mahdollisuus n\u00e4hd\u00e4, muokata ja poistaa omia henkil\u00f6tietojaan milloin vain. Ainoastaan k\u00e4ytt\u00e4j\u00e4nime\u00e4 ei voi muuttaa. Verkkosivuston yll\u00e4pit\u00e4j\u00e4t voivat n\u00e4hd\u00e4 ja muokata k\u00e4ytt\u00e4j\u00e4profiilien tietoja.<\/p>\r\n\r\n\r\n\r\n<h2 class=\"wp-block-heading\">Mit\u00e4 oikeuksia sinulla on omaan tietoosi<\/h2>\r\n\r\n\r\n\r\n<p>Mik\u00e4li sinulla on k\u00e4ytt\u00e4j\u00e4tili t\u00e4lle sivustolle tai olet j\u00e4tt\u00e4nyt palautetta yhteydenottolomakkeella (tai kommentteja), voit pyyt\u00e4\u00e4 koostetiedostoa omista henkil\u00f6tiedoistasi, sis\u00e4lt\u00e4en kaiken henkil\u00f6tiedon, jonka olet meille antanut. Voit my\u00f6s pyyt\u00e4\u00e4 henkil\u00f6tietojesi poistoa. Oikeus omien tietojen poistoon ei koske sellaista henkil\u00f6tietoa, joka meid\u00e4n on s\u00e4ilytett\u00e4v\u00e4 yll\u00e4pidollisista, juridisista tai tietoturvaan liittyvist\u00e4 syist\u00e4.<\/p>\r\n\r\n\r\n\r\n<h2 class=\"wp-block-heading\">Minne l\u00e4het\u00e4mme tietosi<\/h2>\r\n\r\n\r\n\r\n<p>Palautelomakkeella annetut tiedot l\u00e4hetet\u00e4\u00e4n k\u00e4sittely\u00e4 ja toimenpiteit\u00e4 varten k\u00e4sittelij\u00e4n s\u00e4hk\u00f6postiin.<\/p>\r\n<p>Analytiikkaa varten tietoja l\u00e4hetet\u00e4\u00e4n Google Analytics -j\u00e4rjestelm\u00e4\u00e4n.<\/p>\r\n<p>Kommentoinnin ollessa k\u00e4yt\u00f6ss\u00e4, vierailijoiden kommentteja saatetaan tarkistaa automatisoidun roskapostiestopalvelun kautta.<\/p>\r\n\r\n\r\n\r\n\r\n\r\n<h2 class=\"wp-block-heading\">Lis\u00e4tiedot<\/h2>\r\n\r\n\r\n\r\n<h3 class=\"wp-block-heading\">Kuinka suojelemme henkil\u00f6tietojasi<\/h3>\r\n<p>Kaikki sivuston ker\u00e4\u00e4m\u00e4 tieto talletetaan j\u00e4rjestelmiin, joihin on p\u00e4\u00e4sy vain asianmukaisilla k\u00e4ytt\u00f6oikeuksilla. P\u00e4\u00e4syoikeudet ovat vain tietoja k\u00e4sittelevill\u00e4, joita koskevat normaalit salassapitos\u00e4\u00e4nn\u00f6kset. Sivusto ja sen tietokanta on sijoitettu pilvipalveluun, jonka tietoturvasta vastaa palvelun tarjoaja.<\/p>\r\n\r\n\r\n\r\n<h3 class=\"wp-block-heading\">Miten toimimme tietomurron tapahtuessa<\/h3>\r\n<p>Tilanteessa, jossa on ep\u00e4ilys tietojen joutumisesta v\u00e4\u00e4riin k\u00e4siin, ilmoitamme siit\u00e4 verkkosivuillamme, sek\u00e4 suoraan mahdolline murron kohteena oleville, yhteystietonsa antaneille annettua yhteystietoa k\u00e4ytt\u00e4en.<\/p>\r\n\r\n\r\n\r\n<h3 class=\"wp-block-heading\">Kolmannet osapuolet, joilta saamme henkil\u00f6tietoa<\/h3>\r\n<p>T\u00e4ll\u00e4 hetkell\u00e4 emme saa henkil\u00f6tietoja kolmansilta osapuolilta.<\/p>\r\n\r\n\r\n\r\n<h3 class=\"wp-block-heading\">Henkil\u00f6tietoon liittyv\u00e4 automaattinen p\u00e4\u00e4t\u00f6ksenteko ja profilointi<\/h3>\r\n<p>Sivustolla ei ole k\u00e4yt\u00f6ss\u00e4 profilointia eik\u00e4 automaattista p\u00e4\u00e4t\u00f6ksentekoa. Analytiikan tuottamaa tilastomateriaalia k\u00e4ytet\u00e4\u00e4n vain sivuston sis\u00e4ll\u00f6n ja toimivuuden kehitt\u00e4miseen ei-automaattisesti.<\/p>\r\n<h3>Toimialaan liittyv\u00e4 lains\u00e4\u00e4d\u00e4nt\u00f6<\/h3>\r\n<p>Henkil\u00f6tietojen ker\u00e4\u00e4mist\u00e4 ja k\u00e4ytt\u00f6\u00e4 koskevat Euroopan unionin tietosuojas\u00e4\u00e4nn\u00f6st\u00f6 (ns. GDPR) ja suomalainen henkil\u00f6tietolains\u00e4\u00e4d\u00e4nt\u00f6.<\/p>\r\n","protected":false},"excerpt":{"rendered":"<p>Keit\u00e4 olemme &#8211; Rekisterinpit\u00e4j\u00e4 Sivuston yll\u00e4pit\u00e4j\u00e4 ja sen kautta ker\u00e4tt\u00e4vien tietojen rekisterinpit\u00e4j\u00e4 on Kirnuvuori OyKirkonkyl\u00e4ntie 10023200 Vinkkil\u00e4Y-tunnus: 0549243-8 Yhteyshenkil\u00f6 rekisteri\u00e4 koskevissa asioissa: Kirnuvuori OyProjektip\u00e4\u00e4llikk\u00f6 Seppo Lepp\u00e4l\u00e4Puhelin:\u00a0+358 40 4827035S\u00e4hk\u00f6posti:\u00a0seppo.leppala@kirnuvuori.fi\u00a0 Ker\u00e4tyst\u00e4 tiedoista muodostuvan rekisterin tarkoitus on asiakaspalautteen ja muiden yhteydenottojen k\u00e4sittely sek\u00e4 sivuston k\u00e4yt\u00f6n seuraaminen. Mit\u00e4 henkil\u00f6tietoa ker\u00e4\u00e4mme ja miksi Yhteydenottolomake ja kommentit Kun sivuston k\u00e4ytt\u00e4j\u00e4t t\u00e4ytt\u00e4v\u00e4t [&hellip;]<\/p>\n","protected":false},"author":1,"featured_media":0,"parent":0,"menu_order":0,"comment_status":"closed","ping_status":"open","template":"","meta":{"footnotes":""},"_links":{"self":[{"href":"https:\/\/kirnuvuori.fi\/index.php\/wp-json\/wp\/v2\/pages\/3"}],"collection":[{"href":"https:\/\/kirnuvuori.fi\/index.php\/wp-json\/wp\/v2\/pages"}],"about":[{"href":"https:\/\/kirnuvuori.fi\/index.php\/wp-json\/wp\/v2\/types\/page"}],"author":[{"embeddable":true,"href":"https:\/\/kirnuvuori.fi\/index.php\/wp-json\/wp\/v2\/users\/1"}],"replies":[{"embeddable":true,"href":"https:\/\/kirnuvuori.fi\/index.php\/wp-json\/wp\/v2\/comments?post=3"}],"version-history":[{"count":11,"href":"https:\/\/kirnuvuori.fi\/index.php\/wp-json\/wp\/v2\/pages\/3\/revisions"}],"predecessor-version":[{"id":252,"href":"https:\/\/kirnuvuori.fi\/index.php\/wp-json\/wp\/v2\/pages\/3\/revisions\/252"}],"wp:attachment":[{"href":"https:\/\/kirnuvuori.fi\/index.php\/wp-json\/wp\/v2\/media?parent=3"}],"curies":[{"name":"wp","href":"https:\/\/api.w.org\/{rel}","templated":true}]}}