{"id":16,"date":"2019-02-04T09:38:26","date_gmt":"2019-02-04T07:38:26","guid":{"rendered":"http:\/\/kirnuvuori.fi\/?page_id=16"},"modified":"2026-01-03T13:55:44","modified_gmt":"2026-01-03T11:55:44","slug":"yhteystiedot","status":"publish","type":"page","link":"https:\/\/kirnuvuori.fi\/index.php\/yhteystiedot\/","title":{"rendered":"Yhteystiedot"},"content":{"rendered":"\r\n<h4 class=\"wp-block-heading\"><strong>Kirnuvuori Oy<\/strong> &#8211; Konepaja<\/h4>\r\n\r\n\r\n\r\n<p>Kirkonkyl\u00e4ntie 100<br \/>23200 Vinkkil\u00e4<br \/>SUOMI &#8211; FINLAND<br \/>S\u00e4hk\u00f6posti: <a href=\"mailto:info@splitstone.fi\"> info@kirnuvuori.fi <\/a><\/p>\r\n\r\n\r\n\r\n<h4 class=\"wp-block-heading\"><strong>Toimitusjohtaja\u00a0Jussi Laine<\/strong><\/h4>\r\n\r\n\r\n\r\n<p>Puhelin: <a href=\"tel:+358503576603\">050-3576603<\/a><br \/>S\u00e4hk\u00f6posti: <a href=\"mailto:jussi.laine@splitstone.fi\"> jussi.laine@kirnuvuori.fi <\/a><\/p>\r\n\r\n\r\n\r\n<h4 class=\"wp-block-heading\"><strong>Projektip\u00e4\u00e4llikk\u00f6 Seppo Lepp\u00e4l\u00e4<\/strong><\/h4>\r\n\r\n\r\n\r\n<p>Puhelin: <a href=\"tel:++358404827035\">+358 40 4827035<\/a><br \/>S\u00e4hk\u00f6posti: <a href=\"mailto:seppo.leppala@splitstone.fi\"> seppo.leppala@splitstone.fi <\/a><\/p>\r\n\r\n\r\n\r\n<h4 class=\"wp-block-heading\">Sijainti kartalla<\/h4>\r\n\r\n\r\n\r\n<figure><iframe loading=\"lazy\" src=\"https:\/\/maps.google.fi\/maps?f=q&amp;source=s_q&amp;hl=en&amp;geocode=&amp;q=Kirnuvuori+Oy,+Kirkonkyl%C3%A4ntie,+Vehmaa&amp;aq=0&amp;oq=kirnuvuo&amp;sll=41.232924,-80.511769&amp;sspn=0.098758,0.222988&amp;ie=UTF8&amp;hq=Kirnuvuori+Oy,&amp;hnear=Kirkonkyl%C3%A4ntie,+Vehmaa&amp;t=m&amp;ll=61.990588,23.532715&amp;spn=3.613067,9.338379&amp;z=6&amp;output=embed\" width=\"100%\" height=\"300\"><\/iframe><\/figure>\r\n\r\n\r\n\r\n<p>YHTEYDENOTTO:<\/p>\r\n\r\n\r\n<form name=\"vscf_16\" id=\"vscf\" class=\"vscf-shortcode\" method=\"post\">\r\n\t<div class=\"form-group vscf-name-group\">\r\n\t\t<label for=\"vscf_name\" class=\"vscf-label\">Nimi <\/label>\r\n\t\t<input type=\"text\" name=\"vscf_name_16\" id=\"vscf_name\"  class=\"form-control\" placeholder=\"\" value=\"\" minlength=\"2\" maxlength=\"100\" aria-required=\"true\" \/>\r\n\t\t\r\n\t<\/div>\r\n\t<div class=\"form-group vscf-email-group\">\r\n\t\t<label for=\"vscf_email\" class=\"vscf-label\">S\u00e4hk\u00f6posti <\/label>\r\n\t\t<input type=\"email\" name=\"vscf_email_16\" id=\"vscf_email\"  class=\"form-control\" placeholder=\"\" value=\"\" maxlength=\"100\" aria-required=\"true\" \/>\r\n\t\t\r\n\t<\/div>\r\n\t\r\n\t\t<div class=\"form-group vscf-subject-group\">\r\n\t\t\t<label for=\"vscf_subject\" class=\"vscf-label\">Aihe <\/label>\r\n\t\t\t<input type=\"text\" name=\"vscf_subject_16\" id=\"vscf_subject\"  class=\"form-control\" placeholder=\"\" value=\"\" minlength=\"2\" maxlength=\"100\" aria-required=\"true\" \/>\r\n\t\t\t\r\n\t\t<\/div>\r\n\t\r\n\t\r\n\t\t<div class=\"form-group vscf-sum-group\">\r\n\t\t\t<label for=\"vscf_sum\" class=\"vscf-label\">8 + 5 =<\/label>\r\n\t\t\t<input type=\"text\" name=\"vscf_sum_16\" id=\"vscf_sum\"  class=\"form-control\" placeholder=\"\" value=\"\" pattern=\"[0-9]{1,2}\" maxlength=\"100\" aria-required=\"true\" \/>\r\n\t\t\t\r\n\t\t<\/div>\r\n\t\r\n\t<div class=\"form-group vscf-hide\">\r\n\t\t<label for=\"vscf_first_random\">Please ignore this field<\/label>\r\n\t\t<input type=\"text\" name=\"vscf_first_random_16\" id=\"vscf_first_random\" class=\"form-control\" tabindex=\"-1\" value=\"\" maxlength=\"100\" \/>\r\n\t<\/div>\r\n\t<div class=\"form-group vscf-hide\">\r\n\t\t<label for=\"vscf_second_random\">Please ignore this field<\/label>\r\n\t\t<input type=\"text\" name=\"vscf_second_random_16\" id=\"vscf_second_random\" class=\"form-control\" tabindex=\"-1\" value=\"\" maxlength=\"100\" \/>\r\n\t<\/div>\r\n\t<div class=\"form-group vscf-message-group\">\r\n\t\t<label for=\"vscf_message\" class=\"vscf-label\">Viesti <\/label>\r\n\t\t<textarea name=\"vscf_message_16\" id=\"vscf_message\" rows=\"10\"  class=\"form-control\" placeholder=\"\" minlength=\"10\" maxlength=\"10000\" aria-required=\"true\"><\/textarea>\r\n\t\t\r\n\t<\/div>\r\n\t<div class=\"form-group vscf-display-none\">\r\n\t\t<input type=\"hidden\" name=\"vscf_time_16\" id=\"vscf_time\" class=\"form-control\" value=\"1776356048\" \/>\r\n\t<\/div>\r\n\t\r\n\t\t<div class=\"form-group vscf-privacy-group\">\r\n\t\t\t<input type=\"hidden\" name=\"vscf_privacy_16\" id=\"vscf_privacy_hidden\" value=\"no\" \/>\r\n\t\t\t<input type=\"checkbox\" name=\"vscf_privacy_16\" id=\"vscf_privacy\" class=\"custom-control-input\" value=\"yes\"  aria-required=\"true\" \/>\r\n\t\t\t<label for=\"vscf_privacy\">Hyv\u00e4ksyn l\u00e4hett\u00e4mieni tietojen tallentamisen ja k\u00e4sittelyn<\/label>\r\n\t\t\t\r\n\t\t<\/div>\r\n\t\r\n\t<div class=\"form-group vscf-display-none\">\r\n\t\t<input type=\"hidden\" id=\"vscf_nonce\" name=\"vscf_nonce\" value=\"b036d90ba5\" \/><input type=\"hidden\" name=\"_wp_http_referer\" value=\"\/index.php\/wp-json\/wp\/v2\/pages\/16\" \/>\r\n\t<\/div>\r\n\t<div class=\"form-group vscf-submit-group\">\r\n\t\t<button type=\"submit\" name=\"vscf_send_16\" id=\"vscf_send\" class=\"btn btn-primary\">L\u00e4het\u00e4<\/button>\r\n\t<\/div>\r\n\t\r\n<\/form>\n","protected":false},"excerpt":{"rendered":"<p>Kirnuvuori Oy &#8211; Konepaja Kirkonkyl\u00e4ntie 10023200 Vinkkil\u00e4SUOMI &#8211; FINLANDS\u00e4hk\u00f6posti: info@kirnuvuori.fi Toimitusjohtaja\u00a0Jussi Laine Puhelin: 050-3576603S\u00e4hk\u00f6posti: jussi.laine@kirnuvuori.fi Projektip\u00e4\u00e4llikk\u00f6 Seppo Lepp\u00e4l\u00e4 Puhelin: +358 40 4827035S\u00e4hk\u00f6posti: seppo.leppala@splitstone.fi Sijainti kartalla YHTEYDENOTTO:<\/p>\n","protected":false},"author":1,"featured_media":0,"parent":0,"menu_order":0,"comment_status":"closed","ping_status":"closed","template":"","meta":{"footnotes":""},"_links":{"self":[{"href":"https:\/\/kirnuvuori.fi\/index.php\/wp-json\/wp\/v2\/pages\/16"}],"collection":[{"href":"https:\/\/kirnuvuori.fi\/index.php\/wp-json\/wp\/v2\/pages"}],"about":[{"href":"https:\/\/kirnuvuori.fi\/index.php\/wp-json\/wp\/v2\/types\/page"}],"author":[{"embeddable":true,"href":"https:\/\/kirnuvuori.fi\/index.php\/wp-json\/wp\/v2\/users\/1"}],"replies":[{"embeddable":true,"href":"https:\/\/kirnuvuori.fi\/index.php\/wp-json\/wp\/v2\/comments?post=16"}],"version-history":[{"count":6,"href":"https:\/\/kirnuvuori.fi\/index.php\/wp-json\/wp\/v2\/pages\/16\/revisions"}],"predecessor-version":[{"id":337,"href":"https:\/\/kirnuvuori.fi\/index.php\/wp-json\/wp\/v2\/pages\/16\/revisions\/337"}],"wp:attachment":[{"href":"https:\/\/kirnuvuori.fi\/index.php\/wp-json\/wp\/v2\/media?parent=16"}],"curies":[{"name":"wp","href":"https:\/\/api.w.org\/{rel}","templated":true}]}}